{"id":50,"date":"2020-04-20T12:33:15","date_gmt":"2020-04-20T18:33:15","guid":{"rendered":"https:\/\/www.fclibertad.org\/blog\/?page_id=50"},"modified":"2025-03-13T15:23:22","modified_gmt":"2025-03-13T21:23:22","slug":"por-que-un-mundo-mejor","status":"publish","type":"page","link":"https:\/\/www.fclibertad.org\/blog\/por-que-un-mundo-mejor\/","title":{"rendered":"\u00bfPOR QU\u00c9 EXISTE NOTI LIBERTAD?"},"content":{"rendered":"\n<p>En la Fundaci\u00f3n Ciudadelas de Libertad, creemos en el poder de las historias para inspirar, conectar y transformar.\u00a0<strong>Noti Libertad<\/strong>\u00a0nace con el prop\u00f3sito de abrir las puertas de nuestra organizaci\u00f3n y compartir con vos las noticias, logros y experiencias que construyen d\u00eda a d\u00eda un futuro lleno de oportunidades para los j\u00f3venes que acompa\u00f1amos.<\/p>\n\n\n\n<p>Este blog es m\u00e1s que un espacio de informaci\u00f3n: es una ventana a las\u00a0<strong>historias de superaci\u00f3n<\/strong>, a los\u00a0<strong>proyectos que cambian vidas<\/strong>\u00a0y a las\u00a0<strong>iniciativas que promueven el desarrollo. <\/strong>Queremos que conozc\u00e1s de cerca el impacto de nuestro trabajo y que te sum\u00e9s a esta misi\u00f3n.<\/p>\n\n\n\n<p>Aqu\u00ed encontrar\u00e1s\u00a0<strong>historias que emocionan<\/strong>,\u00a0<strong>proyectos que inspiran<\/strong>\u00a0y\u00a0<strong>noticias que demuestran que el la transformaci\u00f3n es posible<\/strong>. Porque en Fundaci\u00f3n Ciudadelas de Libertad, no solo creemos en la libertad como un derecho, sino como una oportunidad para crecer, aprender y so\u00f1ar.<\/p>\n","protected":false},"excerpt":{"rendered":"<p>En la Fundaci\u00f3n Ciudadelas de Libertad, creemos en el poder de las historias para inspirar, conectar y transformar.\u00a0Noti Libertad\u00a0nace con el prop\u00f3sito de abrir las puertas de nuestra organizaci\u00f3n y compartir con vos las noticias, logros y experiencias que construyen d\u00eda a d\u00eda un futuro lleno de oportunidades para los j\u00f3venes que acompa\u00f1amos. Este blog [&hellip;]<\/p>\n","protected":false},"author":1,"featured_media":0,"parent":0,"menu_order":2,"comment_status":"closed","ping_status":"closed","template":"","meta":{"footnotes":""},"class_list":["post-50","page","type-page","status-publish","hentry"],"yoast_head":"<!-- This site is optimized with the Yoast SEO plugin v25.1 - https:\/\/yoast.com\/wordpress\/plugins\/seo\/ -->\n<title>\u00bfPOR QU\u00c9 EXISTE NOTI LIBERTAD? -<\/title>\n<meta name=\"robots\" content=\"index, follow, max-snippet:-1, max-image-preview:large, max-video-preview:-1\" \/>\n<link rel=\"canonical\" href=\"https:\/\/www.fclibertad.org\/blog\/por-que-un-mundo-mejor\/\" \/>\n<meta property=\"og:locale\" content=\"es_ES\" \/>\n<meta property=\"og:type\" content=\"article\" \/>\n<meta property=\"og:title\" content=\"\u00bfPOR QU\u00c9 EXISTE NOTI LIBERTAD? -\" \/>\n<meta property=\"og:description\" content=\"En la Fundaci\u00f3n Ciudadelas de Libertad, creemos en el poder de las historias para inspirar, conectar y transformar.\u00a0Noti Libertad\u00a0nace con el prop\u00f3sito de abrir las puertas de nuestra organizaci\u00f3n y compartir con vos las noticias, logros y experiencias que construyen d\u00eda a d\u00eda un futuro lleno de oportunidades para los j\u00f3venes que acompa\u00f1amos. Este blog [&hellip;]\" \/>\n<meta property=\"og:url\" content=\"https:\/\/www.fclibertad.org\/blog\/por-que-un-mundo-mejor\/\" \/>\n<meta property=\"article:modified_time\" content=\"2025-03-13T21:23:22+00:00\" \/>\n<meta name=\"twitter:card\" content=\"summary_large_image\" \/>\n<meta name=\"twitter:label1\" content=\"Est. reading time\" \/>\n\t<meta name=\"twitter:data1\" content=\"1 minuto\" \/>\n<script type=\"application\/ld+json\" class=\"yoast-schema-graph\">{\"@context\":\"https:\/\/schema.org\",\"@graph\":[{\"@type\":\"WebPage\",\"@id\":\"https:\/\/www.fclibertad.org\/blog\/por-que-un-mundo-mejor\/\",\"url\":\"https:\/\/www.fclibertad.org\/blog\/por-que-un-mundo-mejor\/\",\"name\":\"\u00bfPOR QU\u00c9 EXISTE NOTI LIBERTAD? -\",\"isPartOf\":{\"@id\":\"https:\/\/www.fclibertad.org\/blog\/#website\"},\"datePublished\":\"2020-04-20T18:33:15+00:00\",\"dateModified\":\"2025-03-13T21:23:22+00:00\",\"breadcrumb\":{\"@id\":\"https:\/\/www.fclibertad.org\/blog\/por-que-un-mundo-mejor\/#breadcrumb\"},\"inLanguage\":\"es-CR\",\"potentialAction\":[{\"@type\":\"ReadAction\",\"target\":[\"https:\/\/www.fclibertad.org\/blog\/por-que-un-mundo-mejor\/\"]}]},{\"@type\":\"BreadcrumbList\",\"@id\":\"https:\/\/www.fclibertad.org\/blog\/por-que-un-mundo-mejor\/#breadcrumb\",\"itemListElement\":[{\"@type\":\"ListItem\",\"position\":1,\"name\":\"Portada\",\"item\":\"https:\/\/www.fclibertad.org\/blog\/\"},{\"@type\":\"ListItem\",\"position\":2,\"name\":\"\u00bfPOR QU\u00c9 EXISTE NOTI LIBERTAD?\"}]},{\"@type\":\"WebSite\",\"@id\":\"https:\/\/www.fclibertad.org\/blog\/#website\",\"url\":\"https:\/\/www.fclibertad.org\/blog\/\",\"name\":\"\",\"description\":\"Un blog de la Fundaci\u00f3n Ciudadelas de Libertad\",\"potentialAction\":[{\"@type\":\"SearchAction\",\"target\":{\"@type\":\"EntryPoint\",\"urlTemplate\":\"https:\/\/www.fclibertad.org\/blog\/?s={search_term_string}\"},\"query-input\":{\"@type\":\"PropertyValueSpecification\",\"valueRequired\":true,\"valueName\":\"search_term_string\"}}],\"inLanguage\":\"es-CR\"}]}<\/script>\n<!-- \/ Yoast SEO plugin. -->","yoast_head_json":{"title":"\u00bfPOR QU\u00c9 EXISTE NOTI LIBERTAD? -","robots":{"index":"index","follow":"follow","max-snippet":"max-snippet:-1","max-image-preview":"max-image-preview:large","max-video-preview":"max-video-preview:-1"},"canonical":"https:\/\/www.fclibertad.org\/blog\/por-que-un-mundo-mejor\/","og_locale":"es_ES","og_type":"article","og_title":"\u00bfPOR QU\u00c9 EXISTE NOTI LIBERTAD? -","og_description":"En la Fundaci\u00f3n Ciudadelas de Libertad, creemos en el poder de las historias para inspirar, conectar y transformar.\u00a0Noti Libertad\u00a0nace con el prop\u00f3sito de abrir las puertas de nuestra organizaci\u00f3n y compartir con vos las noticias, logros y experiencias que construyen d\u00eda a d\u00eda un futuro lleno de oportunidades para los j\u00f3venes que acompa\u00f1amos. Este blog [&hellip;]","og_url":"https:\/\/www.fclibertad.org\/blog\/por-que-un-mundo-mejor\/","article_modified_time":"2025-03-13T21:23:22+00:00","twitter_card":"summary_large_image","twitter_misc":{"Est. reading time":"1 minuto"},"schema":{"@context":"https:\/\/schema.org","@graph":[{"@type":"WebPage","@id":"https:\/\/www.fclibertad.org\/blog\/por-que-un-mundo-mejor\/","url":"https:\/\/www.fclibertad.org\/blog\/por-que-un-mundo-mejor\/","name":"\u00bfPOR QU\u00c9 EXISTE NOTI LIBERTAD? -","isPartOf":{"@id":"https:\/\/www.fclibertad.org\/blog\/#website"},"datePublished":"2020-04-20T18:33:15+00:00","dateModified":"2025-03-13T21:23:22+00:00","breadcrumb":{"@id":"https:\/\/www.fclibertad.org\/blog\/por-que-un-mundo-mejor\/#breadcrumb"},"inLanguage":"es-CR","potentialAction":[{"@type":"ReadAction","target":["https:\/\/www.fclibertad.org\/blog\/por-que-un-mundo-mejor\/"]}]},{"@type":"BreadcrumbList","@id":"https:\/\/www.fclibertad.org\/blog\/por-que-un-mundo-mejor\/#breadcrumb","itemListElement":[{"@type":"ListItem","position":1,"name":"Portada","item":"https:\/\/www.fclibertad.org\/blog\/"},{"@type":"ListItem","position":2,"name":"\u00bfPOR QU\u00c9 EXISTE NOTI LIBERTAD?"}]},{"@type":"WebSite","@id":"https:\/\/www.fclibertad.org\/blog\/#website","url":"https:\/\/www.fclibertad.org\/blog\/","name":"","description":"Un blog de la Fundaci\u00f3n Ciudadelas de Libertad","potentialAction":[{"@type":"SearchAction","target":{"@type":"EntryPoint","urlTemplate":"https:\/\/www.fclibertad.org\/blog\/?s={search_term_string}"},"query-input":{"@type":"PropertyValueSpecification","valueRequired":true,"valueName":"search_term_string"}}],"inLanguage":"es-CR"}]}},"_links":{"self":[{"href":"https:\/\/www.fclibertad.org\/blog\/wp-json\/wp\/v2\/pages\/50","targetHints":{"allow":["GET"]}}],"collection":[{"href":"https:\/\/www.fclibertad.org\/blog\/wp-json\/wp\/v2\/pages"}],"about":[{"href":"https:\/\/www.fclibertad.org\/blog\/wp-json\/wp\/v2\/types\/page"}],"author":[{"embeddable":true,"href":"https:\/\/www.fclibertad.org\/blog\/wp-json\/wp\/v2\/users\/1"}],"replies":[{"embeddable":true,"href":"https:\/\/www.fclibertad.org\/blog\/wp-json\/wp\/v2\/comments?post=50"}],"version-history":[{"count":7,"href":"https:\/\/www.fclibertad.org\/blog\/wp-json\/wp\/v2\/pages\/50\/revisions"}],"predecessor-version":[{"id":491,"href":"https:\/\/www.fclibertad.org\/blog\/wp-json\/wp\/v2\/pages\/50\/revisions\/491"}],"wp:attachment":[{"href":"https:\/\/www.fclibertad.org\/blog\/wp-json\/wp\/v2\/media?parent=50"}],"curies":[{"name":"wp","href":"https:\/\/api.w.org\/{rel}","templated":true}]}}